{"id":1197,"date":"2023-09-29T10:02:30","date_gmt":"2023-09-29T10:02:30","guid":{"rendered":"https:\/\/www.stevial.eu\/who-are-we\/the-partners\/"},"modified":"2023-12-13T09:47:08","modified_gmt":"2023-12-13T09:47:08","slug":"the-partners","status":"publish","type":"page","link":"https:\/\/www.stevial.eu\/en\/who-are-we\/the-partners\/","title":{"rendered":"The partners"},"content":{"rendered":"\t\t<div data-elementor-type=\"wp-page\" data-elementor-id=\"1197\" class=\"elementor elementor-1197 elementor-961\">\n\t\t\t\t\t\t<section class=\"elementor-section elementor-top-section elementor-element elementor-element-11afbca elementor-section-height-min-height elementor-section-boxed elementor-section-height-default elementor-section-items-middle\" data-id=\"11afbca\" data-element_type=\"section\" data-e-type=\"section\" data-settings=\"{&quot;background_background&quot;:&quot;classic&quot;}\">\n\t\t\t\t\t\t<div class=\"elementor-container elementor-column-gap-default\">\n\t\t\t\t\t<div class=\"elementor-column elementor-col-100 elementor-top-column elementor-element elementor-element-28d737fe\" data-id=\"28d737fe\" data-element_type=\"column\" data-e-type=\"column\">\n\t\t\t<div class=\"elementor-widget-wrap elementor-element-populated\">\n\t\t\t\t\t\t<div class=\"elementor-element elementor-element-1e6d66df elementor-widget__width-auto elementor-widget elementor-widget-heading\" data-id=\"1e6d66df\" data-element_type=\"widget\" data-e-type=\"widget\" data-widget_type=\"heading.default\">\n\t\t\t\t<div class=\"elementor-widget-container\">\n\t\t\t\t\t<h1 class=\"elementor-heading-title elementor-size-default\">The partners<\/h1>\t\t\t\t<\/div>\n\t\t\t\t<\/div>\n\t\t\t\t\t<\/div>\n\t\t<\/div>\n\t\t\t\t\t<\/div>\n\t\t<\/section>\n\t\t\t\t<section class=\"elementor-section elementor-top-section elementor-element elementor-element-73c939c elementor-section-boxed elementor-section-height-default elementor-section-height-default\" data-id=\"73c939c\" data-element_type=\"section\" data-e-type=\"section\" data-settings=\"{&quot;background_background&quot;:&quot;classic&quot;}\">\n\t\t\t\t\t\t<div class=\"elementor-container elementor-column-gap-default\">\n\t\t\t\t\t<div class=\"elementor-column elementor-col-100 elementor-top-column elementor-element elementor-element-a77544b\" data-id=\"a77544b\" data-element_type=\"column\" data-e-type=\"column\">\n\t\t\t<div class=\"elementor-widget-wrap elementor-element-populated\">\n\t\t\t\t\t\t<div class=\"elementor-element elementor-element-d60ce60 elementor-widget elementor-widget-heading\" data-id=\"d60ce60\" data-element_type=\"widget\" data-e-type=\"widget\" data-widget_type=\"heading.default\">\n\t\t\t\t<div class=\"elementor-widget-container\">\n\t\t\t\t\t<h2 class=\"elementor-heading-title elementor-size-default\">Stevial<sup>\u00ae<\/sup>,<br> Stevial\u00ae is the complementarity between 3 french partners<\/h2>\t\t\t\t<\/div>\n\t\t\t\t<\/div>\n\t\t\t\t<div class=\"elementor-element elementor-element-a6bf9b5 elementor-widget elementor-widget-text-editor\" data-id=\"a6bf9b5\" data-element_type=\"widget\" data-e-type=\"widget\" data-widget_type=\"text-editor.default\">\n\t\t\t\t<div class=\"elementor-widget-container\">\n\t\t\t\t\t\t\t\t\t<div>\n<div>The Stevial\u00ae brand was born from the industrial and commercial alliance of CRISTALCO (sugar group), LAVOLL\u00c9E-FIRMALIS (specialty distributors), MANE (perfumer and flavorist) and STEVIA NATURA (producer of steviol glycosides).<\/div>\n<\/p><\/div>\n\t\t\t\t\t\t\t\t<\/div>\n\t\t\t\t<\/div>\n\t\t\t\t\t<\/div>\n\t\t<\/div>\n\t\t\t\t\t<\/div>\n\t\t<\/section>\n\t\t\t\t<section class=\"elementor-section elementor-top-section elementor-element elementor-element-6d45c68 elementor-section-boxed elementor-section-height-default elementor-section-height-default\" data-id=\"6d45c68\" data-element_type=\"section\" data-e-type=\"section\">\n\t\t\t\t\t\t<div class=\"elementor-container elementor-column-gap-default\">\n\t\t\t\t\t<div class=\"elementor-column elementor-col-100 elementor-top-column elementor-element elementor-element-4d795bc\" data-id=\"4d795bc\" data-element_type=\"column\" data-e-type=\"column\">\n\t\t\t<div class=\"elementor-widget-wrap elementor-element-populated\">\n\t\t\t\t\t\t<div class=\"elementor-element elementor-element-256ed4b elementor-widget elementor-widget-heading\" data-id=\"256ed4b\" data-element_type=\"widget\" data-e-type=\"widget\" data-widget_type=\"heading.default\">\n\t\t\t\t<div class=\"elementor-widget-container\">\n\t\t\t\t\t<p class=\"elementor-heading-title elementor-size-default\">1<sup>er<\/sup><\/p>\t\t\t\t<\/div>\n\t\t\t\t<\/div>\n\t\t\t\t<div class=\"elementor-element elementor-element-8aab2cb elementor-widget elementor-widget-heading\" data-id=\"8aab2cb\" data-element_type=\"widget\" data-e-type=\"widget\" data-widget_type=\"heading.default\">\n\t\t\t\t<div class=\"elementor-widget-container\">\n\t\t\t\t\t<h2 class=\"elementor-heading-title elementor-size-default\">EUROPEAN ACTOR <br>IN INTEGRATED SECTOR<\/h2>\t\t\t\t<\/div>\n\t\t\t\t<\/div>\n\t\t\t\t\t<\/div>\n\t\t<\/div>\n\t\t\t\t\t<\/div>\n\t\t<\/section>\n\t\t\t\t<section class=\"elementor-section elementor-top-section elementor-element elementor-element-42850bc elementor-section-boxed elementor-section-height-default elementor-section-height-default\" data-id=\"42850bc\" data-element_type=\"section\" data-e-type=\"section\">\n\t\t\t\t\t\t<div class=\"elementor-container elementor-column-gap-default\">\n\t\t\t\t\t<div class=\"elementor-column elementor-col-100 elementor-top-column elementor-element elementor-element-14c9f67\" data-id=\"14c9f67\" data-element_type=\"column\" data-e-type=\"column\">\n\t\t\t<div class=\"elementor-widget-wrap elementor-element-populated\">\n\t\t\t\t\t\t<div class=\"elementor-element elementor-element-fd46fa9 elementor-widget elementor-widget-image\" data-id=\"fd46fa9\" data-element_type=\"widget\" data-e-type=\"widget\" data-widget_type=\"image.default\">\n\t\t\t\t<div class=\"elementor-widget-container\">\n\t\t\t\t\t\t\t\t\t\t\t\t\t\t\t<img fetchpriority=\"high\" decoding=\"async\" width=\"891\" height=\"185\" src=\"https:\/\/www.stevial.eu\/wp-content\/uploads\/2023\/09\/1er-line.png\" class=\"attachment-large size-large wp-image-967\" alt=\"\" srcset=\"https:\/\/www.stevial.eu\/wp-content\/uploads\/2023\/09\/1er-line.png 891w, https:\/\/www.stevial.eu\/wp-content\/uploads\/2023\/09\/1er-line-300x62.png 300w, https:\/\/www.stevial.eu\/wp-content\/uploads\/2023\/09\/1er-line-768x159.png 768w\" sizes=\"(max-width: 891px) 100vw, 891px\" \/>\t\t\t\t\t\t\t\t\t\t\t\t\t\t\t<\/div>\n\t\t\t\t<\/div>\n\t\t\t\t\t<\/div>\n\t\t<\/div>\n\t\t\t\t\t<\/div>\n\t\t<\/section>\n\t\t\t\t<section class=\"elementor-section elementor-top-section elementor-element elementor-element-941f02b elementor-section-boxed elementor-section-height-default elementor-section-height-default\" data-id=\"941f02b\" data-element_type=\"section\" data-e-type=\"section\">\n\t\t\t\t\t\t<div class=\"elementor-container elementor-column-gap-custom\">\n\t\t\t\t\t<div class=\"elementor-column elementor-col-33 elementor-top-column elementor-element elementor-element-31244c0\" data-id=\"31244c0\" data-element_type=\"column\" data-e-type=\"column\" data-settings=\"{&quot;background_background&quot;:&quot;classic&quot;}\">\n\t\t\t<div class=\"elementor-widget-wrap elementor-element-populated\">\n\t\t\t\t\t\t<div class=\"elementor-element elementor-element-2c601ce separator elementor-position-top elementor-widget elementor-widget-image-box\" data-id=\"2c601ce\" data-element_type=\"widget\" data-e-type=\"widget\" data-widget_type=\"image-box.default\">\n\t\t\t\t<div class=\"elementor-widget-container\">\n\t\t\t\t\t<div class=\"elementor-image-box-wrapper\"><figure class=\"elementor-image-box-img\"><img decoding=\"async\" width=\"348\" height=\"111\" src=\"https:\/\/www.stevial.eu\/wp-content\/uploads\/2023\/09\/CRISTALCO_logotype-bloc-marque-baseline_RVB-comp245102-1.png\" class=\"attachment-full size-full wp-image-971\" alt=\"\" srcset=\"https:\/\/www.stevial.eu\/wp-content\/uploads\/2023\/09\/CRISTALCO_logotype-bloc-marque-baseline_RVB-comp245102-1.png 348w, https:\/\/www.stevial.eu\/wp-content\/uploads\/2023\/09\/CRISTALCO_logotype-bloc-marque-baseline_RVB-comp245102-1-300x96.png 300w\" sizes=\"(max-width: 348px) 100vw, 348px\" \/><\/figure><div class=\"elementor-image-box-content\"><p class=\"elementor-image-box-description\">Cristalco, commercial subsidiary of the cooperative group Cristal Union is the European market leader sweetening products. Its ambition is to accelerate business, by seeing further, bigger and otherwise to act where customers need it. <\/p><\/div><\/div>\t\t\t\t<\/div>\n\t\t\t\t<\/div>\n\t\t\t\t\t<\/div>\n\t\t<\/div>\n\t\t\t\t<div class=\"elementor-column elementor-col-33 elementor-top-column elementor-element elementor-element-9541775\" data-id=\"9541775\" data-element_type=\"column\" data-e-type=\"column\" data-settings=\"{&quot;background_background&quot;:&quot;classic&quot;}\">\n\t\t\t<div class=\"elementor-widget-wrap elementor-element-populated\">\n\t\t\t\t\t\t<div class=\"elementor-element elementor-element-ecb3b72 separator elementor-position-top elementor-widget elementor-widget-image-box\" data-id=\"ecb3b72\" data-element_type=\"widget\" data-e-type=\"widget\" data-widget_type=\"image-box.default\">\n\t\t\t\t<div class=\"elementor-widget-container\">\n\t\t\t\t\t<div class=\"elementor-image-box-wrapper\"><figure class=\"elementor-image-box-img\"><img decoding=\"async\" width=\"215\" height=\"163\" src=\"https:\/\/www.stevial.eu\/wp-content\/uploads\/2023\/09\/Logo-lavollee.png\" class=\"attachment-full size-full wp-image-975\" alt=\"\" \/><\/figure><div class=\"elementor-image-box-content\"><p class=\"elementor-image-box-description\">Soci\u00e9t\u00e9 familiale, LAVOLL\u00c9E et sa filiale agroalimentaire FIRMALIS sont des sp\u00e9cialistes dans la distribution d'ingr\u00e9dients de sp\u00e9cialit\u00e9 de haute qualit\u00e9. Leurs \u00e9quipes d'ing\u00e9nieurs commerciaux soutenues par un laboratoire d'application d\u00e9di\u00e9 apportent \u00e0 leurs clients des conseils techniques et r\u00e9glementaires personnalis\u00e9s pour la formulation de leurs produits finis. <\/p><\/div><\/div>\t\t\t\t<\/div>\n\t\t\t\t<\/div>\n\t\t\t\t\t<\/div>\n\t\t<\/div>\n\t\t\t\t<div class=\"elementor-column elementor-col-33 elementor-top-column elementor-element elementor-element-bf91388\" data-id=\"bf91388\" data-element_type=\"column\" data-e-type=\"column\" data-settings=\"{&quot;background_background&quot;:&quot;classic&quot;}\">\n\t\t\t<div class=\"elementor-widget-wrap elementor-element-populated\">\n\t\t\t\t\t\t<div class=\"elementor-element elementor-element-76f883b separator elementor-position-top elementor-widget elementor-widget-image-box\" data-id=\"76f883b\" data-element_type=\"widget\" data-e-type=\"widget\" data-widget_type=\"image-box.default\">\n\t\t\t\t<div class=\"elementor-widget-container\">\n\t\t\t\t\t<div class=\"elementor-image-box-wrapper\"><figure class=\"elementor-image-box-img\"><img loading=\"lazy\" decoding=\"async\" width=\"346\" height=\"95\" src=\"https:\/\/www.stevial.eu\/wp-content\/uploads\/2023\/09\/Logo_Mane-1.png\" class=\"attachment-full size-full wp-image-973\" alt=\"\" srcset=\"https:\/\/www.stevial.eu\/wp-content\/uploads\/2023\/09\/Logo_Mane-1.png 346w, https:\/\/www.stevial.eu\/wp-content\/uploads\/2023\/09\/Logo_Mane-1-300x82.png 300w\" sizes=\"(max-width: 346px) 100vw, 346px\" \/><\/figure><div class=\"elementor-image-box-content\"><p class=\"elementor-image-box-description\">MANE est un groupe ind\u00e9pendant ayant pour c\u0153ur d'expertise la cr\u00e9ation d'ar\u00f4mes et de parfums. Il excelle dans l'exp\u00e9rimentation, l'anticipation et l'innovation au service de nouvelles sensations. <\/p><\/div><\/div>\t\t\t\t<\/div>\n\t\t\t\t<\/div>\n\t\t\t\t\t<\/div>\n\t\t<\/div>\n\t\t\t\t\t<\/div>\n\t\t<\/section>\n\t\t\t\t<section class=\"elementor-section elementor-top-section elementor-element elementor-element-c5885b0 elementor-section-boxed elementor-section-height-default elementor-section-height-default\" data-id=\"c5885b0\" data-element_type=\"section\" data-e-type=\"section\">\n\t\t\t\t\t\t<div class=\"elementor-container elementor-column-gap-default\">\n\t\t\t\t\t<div class=\"elementor-column elementor-col-100 elementor-top-column elementor-element elementor-element-d177287\" data-id=\"d177287\" data-element_type=\"column\" data-e-type=\"column\">\n\t\t\t<div class=\"elementor-widget-wrap elementor-element-populated\">\n\t\t\t\t\t\t<div class=\"elementor-element elementor-element-5a742ab elementor-widget elementor-widget-image\" data-id=\"5a742ab\" data-element_type=\"widget\" data-e-type=\"widget\" data-widget_type=\"image.default\">\n\t\t\t\t<div class=\"elementor-widget-container\">\n\t\t\t\t\t\t\t\t\t\t\t\t\t\t\t<img loading=\"lazy\" decoding=\"async\" width=\"891\" height=\"185\" src=\"https:\/\/www.stevial.eu\/wp-content\/uploads\/2023\/09\/1er-line-invert.png\" class=\"attachment-large size-large wp-image-969\" alt=\"\" srcset=\"https:\/\/www.stevial.eu\/wp-content\/uploads\/2023\/09\/1er-line-invert.png 891w, https:\/\/www.stevial.eu\/wp-content\/uploads\/2023\/09\/1er-line-invert-300x62.png 300w, https:\/\/www.stevial.eu\/wp-content\/uploads\/2023\/09\/1er-line-invert-768x159.png 768w\" sizes=\"(max-width: 891px) 100vw, 891px\" \/>\t\t\t\t\t\t\t\t\t\t\t\t\t\t\t<\/div>\n\t\t\t\t<\/div>\n\t\t\t\t<div class=\"elementor-element elementor-element-4585d2d elementor-widget elementor-widget-image\" data-id=\"4585d2d\" data-element_type=\"widget\" data-e-type=\"widget\" data-widget_type=\"image.default\">\n\t\t\t\t<div class=\"elementor-widget-container\">\n\t\t\t\t\t\t\t\t\t\t\t\t\t\t\t<img loading=\"lazy\" decoding=\"async\" width=\"170\" height=\"170\" src=\"https:\/\/www.stevial.eu\/wp-content\/uploads\/2023\/09\/Logo-stevia-nature.png\" class=\"attachment-large size-large wp-image-906\" alt=\"\" srcset=\"https:\/\/www.stevial.eu\/wp-content\/uploads\/2023\/09\/Logo-stevia-nature.png 170w, https:\/\/www.stevial.eu\/wp-content\/uploads\/2023\/09\/Logo-stevia-nature-150x150.png 150w\" sizes=\"(max-width: 170px) 100vw, 170px\" \/>\t\t\t\t\t\t\t\t\t\t\t\t\t\t\t<\/div>\n\t\t\t\t<\/div>\n\t\t\t\t<div class=\"elementor-element elementor-element-ffbaa4e elementor-widget elementor-widget-heading\" data-id=\"ffbaa4e\" data-element_type=\"widget\" data-e-type=\"widget\" data-widget_type=\"heading.default\">\n\t\t\t\t<div class=\"elementor-widget-container\">\n\t\t\t\t\t<p class=\"elementor-heading-title elementor-size-default\">Stevia Natura's production site and centre of expertise is located in Riom in central France, near Clermont-Ferrand.<\/p>\t\t\t\t<\/div>\n\t\t\t\t<\/div>\n\t\t\t\t<div class=\"elementor-element elementor-element-e805cb7 elementor-align-center elementor-widget elementor-widget-button\" data-id=\"e805cb7\" data-element_type=\"widget\" data-e-type=\"widget\" data-widget_type=\"button.default\">\n\t\t\t\t<div class=\"elementor-widget-container\">\n\t\t\t\t\t\t\t\t\t<div class=\"elementor-button-wrapper\">\n\t\t\t\t\t<a class=\"elementor-button elementor-button-link elementor-size-sm\" href=\"https:\/\/www.stevial.eu\/en\/who-are-we\/\">\n\t\t\t\t\t\t<span class=\"elementor-button-content-wrapper\">\n\t\t\t\t\t\t\t\t\t<span class=\"elementor-button-text\">Find out more!<\/span>\n\t\t\t\t\t<\/span>\n\t\t\t\t\t<\/a>\n\t\t\t\t<\/div>\n\t\t\t\t\t\t\t\t<\/div>\n\t\t\t\t<\/div>\n\t\t\t\t\t<\/div>\n\t\t<\/div>\n\t\t\t\t\t<\/div>\n\t\t<\/section>\n\t\t\t\t<\/div>\n\t\t","protected":false},"excerpt":{"rendered":"<p>The partners Stevial\u00ae, Stevial\u00ae is the complementarity between 3 french partners The Stevial\u00ae brand was born from the industrial and commercial alliance of CRISTALCO (sugar group), LAVOLL\u00c9E-FIRMALIS (specialty distributors), MANE (perfumer and flavorist) and STEVIA NATURA (producer of steviol glycosides). 1er EUROPEAN ACTOR IN INTEGRATED SECTOR Cristalco, commercial subsidiary of the cooperative group Cristal Union [&hellip;]<\/p>\n","protected":false},"author":1,"featured_media":0,"parent":1157,"menu_order":0,"comment_status":"closed","ping_status":"closed","template":"","meta":{"_seopress_robots_primary_cat":"","_seopress_titles_title":"","_seopress_titles_desc":"","_seopress_robots_index":"","site-sidebar-layout":"no-sidebar","site-content-layout":"page-builder","ast-site-content-layout":"default","site-content-style":"default","site-sidebar-style":"default","ast-global-header-display":"","ast-banner-title-visibility":"","ast-main-header-display":"","ast-hfb-above-header-display":"","ast-hfb-below-header-display":"","ast-hfb-mobile-header-display":"","site-post-title":"disabled","ast-breadcrumbs-content":"","ast-featured-img":"disabled","footer-sml-layout":"","ast-disable-related-posts":"","theme-transparent-header-meta":"","adv-header-id-meta":"","stick-header-meta":"","header-above-stick-meta":"","header-main-stick-meta":"","header-below-stick-meta":"","astra-migrate-meta-layouts":"default","ast-page-background-enabled":"default","ast-page-background-meta":{"desktop":{"background-color":"var(--ast-global-color-4)","background-image":"","background-repeat":"repeat","background-position":"center center","background-size":"auto","background-attachment":"scroll","background-type":"","background-media":"","overlay-type":"","overlay-color":"","overlay-opacity":"","overlay-gradient":""},"tablet":{"background-color":"","background-image":"","background-repeat":"repeat","background-position":"center center","background-size":"auto","background-attachment":"scroll","background-type":"","background-media":"","overlay-type":"","overlay-color":"","overlay-opacity":"","overlay-gradient":""},"mobile":{"background-color":"","background-image":"","background-repeat":"repeat","background-position":"center center","background-size":"auto","background-attachment":"scroll","background-type":"","background-media":"","overlay-type":"","overlay-color":"","overlay-opacity":"","overlay-gradient":""}},"ast-content-background-meta":{"desktop":{"background-color":"var(--ast-global-color-5)","background-image":"","background-repeat":"repeat","background-position":"center center","background-size":"auto","background-attachment":"scroll","background-type":"","background-media":"","overlay-type":"","overlay-color":"","overlay-opacity":"","overlay-gradient":""},"tablet":{"background-color":"var(--ast-global-color-5)","background-image":"","background-repeat":"repeat","background-position":"center center","background-size":"auto","background-attachment":"scroll","background-type":"","background-media":"","overlay-type":"","overlay-color":"","overlay-opacity":"","overlay-gradient":""},"mobile":{"background-color":"var(--ast-global-color-5)","background-image":"","background-repeat":"repeat","background-position":"center center","background-size":"auto","background-attachment":"scroll","background-type":"","background-media":"","overlay-type":"","overlay-color":"","overlay-opacity":"","overlay-gradient":""}},"footnotes":""},"class_list":["post-1197","page","type-page","status-publish"],"_links":{"self":[{"href":"https:\/\/www.stevial.eu\/en\/wp-json\/wp\/v2\/pages\/1197","targetHints":{"allow":["GET"]}}],"collection":[{"href":"https:\/\/www.stevial.eu\/en\/wp-json\/wp\/v2\/pages"}],"about":[{"href":"https:\/\/www.stevial.eu\/en\/wp-json\/wp\/v2\/types\/page"}],"author":[{"embeddable":true,"href":"https:\/\/www.stevial.eu\/en\/wp-json\/wp\/v2\/users\/1"}],"replies":[{"embeddable":true,"href":"https:\/\/www.stevial.eu\/en\/wp-json\/wp\/v2\/comments?post=1197"}],"version-history":[{"count":12,"href":"https:\/\/www.stevial.eu\/en\/wp-json\/wp\/v2\/pages\/1197\/revisions"}],"predecessor-version":[{"id":2528,"href":"https:\/\/www.stevial.eu\/en\/wp-json\/wp\/v2\/pages\/1197\/revisions\/2528"}],"up":[{"embeddable":true,"href":"https:\/\/www.stevial.eu\/en\/wp-json\/wp\/v2\/pages\/1157"}],"wp:attachment":[{"href":"https:\/\/www.stevial.eu\/en\/wp-json\/wp\/v2\/media?parent=1197"}],"curies":[{"name":"wp","href":"https:\/\/api.w.org\/{rel}","templated":true}]}}